{"id":84,"date":"2019-10-12T09:37:08","date_gmt":"2019-10-12T07:37:08","guid":{"rendered":"http:\/\/guardlogic.home.pl\/autoinstalator\/wordpressplugins1\/?page_id=84"},"modified":"2020-03-12T20:52:04","modified_gmt":"2020-03-12T19:52:04","slug":"rodo","status":"publish","type":"page","link":"https:\/\/zdrowiewwyszkowie.pl\/index.php\/rodo\/","title":{"rendered":"Ochrona danych osobowych"},"content":{"rendered":"\n<p>Zgodnie z Art. 13 ust. 1 i 2 Rozporz\u0105dzenia Parlamentu Europejskiego i Rady (UE) 2016\/679 z 27 kwietnia 2016 roku w sprawie ochrony os\u00f3b fizycznych w zwi\u0105zku z przetwarzaniem danych osobowych i w sprawie swobodnego przep\u0142ywu takich danych oraz uchylenia dyrektywy 95\/46\/WE (og\u00f3lne rozporz\u0105dzenie o ochronie danych \u2013 RODO), informuj\u0119, \u017ce:<\/p>\n\n\n\n<p>\u2013 administratorem Pani\/Pana danych jest&nbsp; <strong>NZOZ \u201eZdrowie\u201d S.C.<\/strong>&nbsp;z siedzib\u0105 w <strong>Wyszkowie, ul. Prosta  15,  07-200 <\/strong>,<\/p>\n\n\n\n<p>\u2013 w razie jakichkolwiek w\u0105tpliwo\u015bci zwi\u0105zanych z przetwarzaniem dotycz\u0105cych Pani\/Pana danych, prosimy kontaktowa\u0107 si\u0119 z Inspektorem Ochrony Danych (IOD) pod adresem:  <a href=\"https:\/\/poczta.wp.pl\/k\/#\">ojom@dpag.pl<\/a> <\/p>\n\n\n\n<p><strong>Pani\/Pana<\/strong> dane osobowe przetwarzane b\u0119d\u0105 w celu udzielania \u015bwiadcze\u0144 zdrowotnych na podstawie Art. 9 ust 2 pkt h RODO, oraz przepis\u00f3w:<\/p>\n\n\n\n<ul class=\"wp-block-list\"><li>Ustawy z dnia 6 listopada 2008 r. o prawach pacjenta i Rzeczniku Praw Pacjenta (tj. Dz. U. z .2017 r., poz. 1318 z p\u00f3\u017an. zm.)<\/li><li>Ustawy z dnia 27 sierpnia 2004 r. o \u015bwiadczeniach opieki zdrowotnej finansowanych ze \u015brodk\u00f3w publicznych (tj. Dz. U. 2017 r., poz. 1938 z p\u00f3\u017an. zm.)<\/li><li>Ustawy z dnia 5 grudnia 1996 r. o zawodach lekarza i lekarza dentysty (tj. Dz.U. 2017 r.,poz. 125 z p\u00f3\u017an. zm.)<\/li><li>Ustawy z dnia 15 lipca 2011 r. o zawodach piel\u0119gniarki i po\u0142o\u017cnej (tj. Dz.U. 2018 r., poz. 123 z p\u00f3\u017an. zm.)<\/li><li>Ustawy z dnia 15 kwietnia 2011 r. o dzia\u0142alno\u015bci leczniczej ( tj. Dz.U. z 2018 r , poz. 160 z p\u00f3\u017an. zm.)<\/li><li>Ustawa o zapobieganiu i zwalczaniu zaka\u017ce\u0144 oraz chor\u00f3b zaka\u017anych u ludzi (Dz. U. Nr. 234 poz. 1570 z dnia 30 grudnia 2008 r.)<\/li><\/ul>\n\n\n\n<p>\u2013 Odbiorcami Pani\/Pana danych osobowych mog\u0105 by\u0107: ZUS, KRUS, Narodowy Fundusz Zdrowia, Powiatowa Stacja Sanitarno-Epidemiologiczna, S\u0105dy, Prokuratury, Policja, firmy ubezpieczeniowe z kt\u00f3rymi Pani\/Pan ma podpisan\u0105 zgod\u0119 na udost\u0119pnienie dokumentacji medycznej,<\/p>\n\n\n\n<p>\u2013 Pani\/Pana dane osobowe b\u0119d\u0105 przechowywane przez&nbsp;okres wynikaj\u0105cy z&nbsp;art. 29&nbsp;ustawy z&nbsp;dnia 6&nbsp;listopada 2008&nbsp;r. o&nbsp;prawach pacjenta i&nbsp;Rzeczniku Praw Pacjenta. W&nbsp;przypadku ewentualnych roszcze\u0144 okres ten mo\u017ce ulec wyd\u0142u\u017ceniu na&nbsp;podstawie aktualnie obowi\u0105zuj\u0105cych przepis\u00f3w prawa,<\/p>\n\n\n\n<p><strong>Posiadaj\u0105 Pa\u0144stwo prawo do:<\/strong><\/p>\n\n\n\n<p>\u2013 dost\u0119pu do tre\u015bci swoich danych oraz prawo ich sprostowania, usuni\u0119cia, ograniczenia przetwarzania, prawo do przenoszenia danych, prawo wniesienia sprzeciwu,<\/p>\n\n\n\n<p>\u2013 wniesienia skargi do Prezesa Urz\u0119du Ochrony Danych Osobowych, gdy uzna Pani\/Pan, \u017ce przetwarzanie danych osobowych Pani\/Pana dotycz\u0105cych narusza przepisy RODO,<\/p>\n\n\n\n<p>Podanie przez Pani\u0105\/Pana danych osobowych jest wymogiem ustawowym; ich nie przekazanie spowoduje niemo\u017cno\u015b\u0107 udzielania \u015bwiadcze\u0144 zdrowotnych.<\/p>\n","protected":false},"excerpt":{"rendered":"<p>Zgodnie z Art. 13 ust. 1 i 2 Rozporz\u0105dzenia Parlamentu Europejskiego i Rady (UE) 2016\/679 z 27 kwietnia 2016 roku w sprawie ochrony os\u00f3b fizycznych w zwi\u0105zku z przetwarzaniem danych osobowych i w sprawie swobodnego przep\u0142ywu takich danych oraz uchylenia dyrektywy 95\/46\/WE (og\u00f3lne rozporz\u0105dzenie o ochronie danych \u2013 RODO), informuj\u0119, \u017ce: \u2013 administratorem Pani\/Pana danych &hellip; <\/p>\n<p class=\"link-more\"><a href=\"https:\/\/zdrowiewwyszkowie.pl\/index.php\/rodo\/\" class=\"more-link\">Czytaj dalej<span class=\"screen-reader-text\"> \u201eOchrona danych osobowych\u201d<\/span><\/a><\/p>\n","protected":false},"author":1,"featured_media":0,"parent":0,"menu_order":0,"comment_status":"closed","ping_status":"closed","template":"","meta":{"footnotes":""},"class_list":["post-84","page","type-page","status-publish","hentry"],"_links":{"self":[{"href":"https:\/\/zdrowiewwyszkowie.pl\/index.php\/wp-json\/wp\/v2\/pages\/84","targetHints":{"allow":["GET"]}}],"collection":[{"href":"https:\/\/zdrowiewwyszkowie.pl\/index.php\/wp-json\/wp\/v2\/pages"}],"about":[{"href":"https:\/\/zdrowiewwyszkowie.pl\/index.php\/wp-json\/wp\/v2\/types\/page"}],"author":[{"embeddable":true,"href":"https:\/\/zdrowiewwyszkowie.pl\/index.php\/wp-json\/wp\/v2\/users\/1"}],"replies":[{"embeddable":true,"href":"https:\/\/zdrowiewwyszkowie.pl\/index.php\/wp-json\/wp\/v2\/comments?post=84"}],"version-history":[{"count":6,"href":"https:\/\/zdrowiewwyszkowie.pl\/index.php\/wp-json\/wp\/v2\/pages\/84\/revisions"}],"predecessor-version":[{"id":202,"href":"https:\/\/zdrowiewwyszkowie.pl\/index.php\/wp-json\/wp\/v2\/pages\/84\/revisions\/202"}],"wp:attachment":[{"href":"https:\/\/zdrowiewwyszkowie.pl\/index.php\/wp-json\/wp\/v2\/media?parent=84"}],"curies":[{"name":"wp","href":"https:\/\/api.w.org\/{rel}","templated":true}]}}