{"id":186,"date":"2020-03-11T22:28:49","date_gmt":"2020-03-11T21:28:49","guid":{"rendered":"http:\/\/zdrowiewwyszkowie.pl\/?page_id=186"},"modified":"2023-02-28T07:39:43","modified_gmt":"2023-02-28T06:39:43","slug":"godziny-przyjec-lekarzy","status":"publish","type":"page","link":"https:\/\/zdrowiewwyszkowie.pl\/index.php\/godziny-przyjec-lekarzy\/","title":{"rendered":"Godziny przyj\u0119\u0107 lekarzy"},"content":{"rendered":"\n<p><\/p>\n\n\n\n<div class=\"wp-block-columns is-layout-flex wp-container-core-columns-is-layout-9d6595d7 wp-block-columns-is-layout-flex\">\n<div class=\"wp-block-column is-layout-flow wp-block-column-is-layout-flow\"><\/div>\n\n\n\n<div class=\"wp-block-column is-layout-flow wp-block-column-is-layout-flow\"><\/div>\n\n\n\n<div class=\"wp-block-column is-layout-flow wp-block-column-is-layout-flow\"><\/div>\n<\/div>\n\n\n\n<p><strong>Joanna Chwalczuk<\/strong> <\/p>\n\n\n\n<p>poniedzia\u0142ek    08.25-14.25 <\/p>\n\n\n\n<p>wtorek  12.00-.18.00<\/p>\n\n\n\n<p>\u015broda  8.25-13.05<\/p>\n\n\n\n<p>czwartek  8.25-14.35 <\/p>\n\n\n\n<p class=\"has-normal-font-size\">pi\u0105tek  12.00-.18.00<\/p>\n\n\n\n<p><\/p>\n\n\n\n<p><strong>Krzysztof Laskowski<\/strong><\/p>\n\n\n\n<p>poniedzia\u0142ek  8.00-15.00<\/p>\n\n\n\n<p>wtorek  8.00-14.35<\/p>\n\n\n\n<p>\u015brodek   12.00-18.00<\/p>\n\n\n\n<p>czwartek  8.00-14.35<\/p>\n\n\n\n<p>pi\u0105tek  8.00-14.35<\/p>\n\n\n\n<p><\/p>\n\n\n\n<p><strong>Barbara Sidor-Drozd<\/strong><\/p>\n\n\n\n<p>poniedzia\u0142ek 12.00-18.00<\/p>\n\n\n\n<p>wtorek  8.25-14.30<\/p>\n\n\n\n<p>\u015broda  8.25-13.05<\/p>\n\n\n\n<p>czwartek  12.00-18.00<\/p>\n\n\n\n<p>pi\u0105tek  08.20-14.20<\/p>\n","protected":false},"excerpt":{"rendered":"<p>Joanna Chwalczuk poniedzia\u0142ek 08.25-14.25 wtorek 12.00-.18.00 \u015broda 8.25-13.05 czwartek 8.25-14.35 pi\u0105tek 12.00-.18.00 Krzysztof Laskowski poniedzia\u0142ek 8.00-15.00 wtorek 8.00-14.35 \u015brodek 12.00-18.00 czwartek 8.00-14.35 pi\u0105tek 8.00-14.35 Barbara Sidor-Drozd poniedzia\u0142ek 12.00-18.00 wtorek 8.25-14.30 \u015broda 8.25-13.05 czwartek 12.00-18.00 pi\u0105tek 08.20-14.20<\/p>\n","protected":false},"author":2,"featured_media":0,"parent":0,"menu_order":0,"comment_status":"closed","ping_status":"closed","template":"","meta":{"footnotes":""},"class_list":["post-186","page","type-page","status-publish","hentry"],"_links":{"self":[{"href":"https:\/\/zdrowiewwyszkowie.pl\/index.php\/wp-json\/wp\/v2\/pages\/186","targetHints":{"allow":["GET"]}}],"collection":[{"href":"https:\/\/zdrowiewwyszkowie.pl\/index.php\/wp-json\/wp\/v2\/pages"}],"about":[{"href":"https:\/\/zdrowiewwyszkowie.pl\/index.php\/wp-json\/wp\/v2\/types\/page"}],"author":[{"embeddable":true,"href":"https:\/\/zdrowiewwyszkowie.pl\/index.php\/wp-json\/wp\/v2\/users\/2"}],"replies":[{"embeddable":true,"href":"https:\/\/zdrowiewwyszkowie.pl\/index.php\/wp-json\/wp\/v2\/comments?post=186"}],"version-history":[{"count":10,"href":"https:\/\/zdrowiewwyszkowie.pl\/index.php\/wp-json\/wp\/v2\/pages\/186\/revisions"}],"predecessor-version":[{"id":357,"href":"https:\/\/zdrowiewwyszkowie.pl\/index.php\/wp-json\/wp\/v2\/pages\/186\/revisions\/357"}],"wp:attachment":[{"href":"https:\/\/zdrowiewwyszkowie.pl\/index.php\/wp-json\/wp\/v2\/media?parent=186"}],"curies":[{"name":"wp","href":"https:\/\/api.w.org\/{rel}","templated":true}]}}