{"id":128,"date":"2020-03-09T17:06:00","date_gmt":"2020-03-09T16:06:00","guid":{"rendered":"http:\/\/guardlogic.home.pl\/autoinstalator\/wordpressplugins1\/?page_id=128"},"modified":"2024-10-28T12:54:59","modified_gmt":"2024-10-28T11:54:59","slug":"aktualnosci","status":"publish","type":"page","link":"https:\/\/zdrowiewwyszkowie.pl\/index.php\/aktualnosci\/","title":{"rendered":"Aktualno\u015bci"},"content":{"rendered":"\n<p>Zaszczep si\u0119 przeciwko grypie<\/p>\n\n\n\n<p><a href=\"https:\/\/pacjent.gov.pl\/aktualnosc\/zaszczep-sie-na-grype\">https:\/\/pacjent.gov.pl\/aktualnosc\/zaszczep-sie-na-grype<\/a><\/p>\n\n\n\n<p>Szczepienia przeciw Covid-19 szczepionk\u0105  <strong>Spikevax JN.1<\/strong> prowadzimy od poniedzia\u0142ku do pi\u0105tku w godzinach 10:00-11:00. <\/p>\n\n\n\n<p><\/p>\n\n\n\n<h2 class=\"wp-block-heading\">Porady telefoniczne <\/h2>\n\n\n\n<p>29 742 95 77- doro\u015bli<\/p>\n\n\n\n<p><\/p>\n\n\n\n<p><\/p>\n\n\n\n<p>29 742  56 14  -dzieci<\/p>\n\n\n\n<p>516 106 329 &#8211;<strong>dodatkowy<\/strong> numer do poradni dla <strong>dzieci<\/strong>.<\/p>\n\n\n\n<p><\/p>\n\n\n\n<p>Numery telefon\u00f3w do teleporad:<\/p>\n\n\n\n<p>Krzysztof Laskowski 515 835 700<\/p>\n\n\n\n<p>Joanna Chwalczuk 536 953 750<\/p>\n\n\n\n<p>Barbara Sidor-Drozd 536 953 730<\/p>\n\n\n\n<p>Telefony czynne tylko w trakcie oddzwaniania przez lekarzy do pacjent\u00f3w.<\/p>\n\n\n<p><!--EndFragment--><\/p>\n\n\n<p><strong>UWAGA:<\/strong><\/p>\n\n\n\n<p>Ze wzgl\u0119du na ma\u0142\u0105 ilo\u015b\u0107 zachorowa\u0144 staramy si\u0119 zminimalizowa\u0107 ilo\u015b\u0107 teleporad. Zach\u0119camy Pa\u0144stwa do wizyt osobistych. <\/p>\n\n\n\n<p><\/p>\n\n\n\n<p><\/p>\n","protected":false},"excerpt":{"rendered":"<p>Zaszczep si\u0119 przeciwko grypie https:\/\/pacjent.gov.pl\/aktualnosc\/zaszczep-sie-na-grype Szczepienia przeciw Covid-19 szczepionk\u0105 Spikevax JN.1 prowadzimy od poniedzia\u0142ku do pi\u0105tku w godzinach 10:00-11:00. Porady telefoniczne 29 742 95 77- doro\u015bli 29 742 56 14 -dzieci 516 106 329 &#8211;dodatkowy numer do poradni dla dzieci. Numery telefon\u00f3w do teleporad: Krzysztof Laskowski 515 835 700 Joanna Chwalczuk 536 953 750 Barbara &hellip; <\/p>\n<p class=\"link-more\"><a href=\"https:\/\/zdrowiewwyszkowie.pl\/index.php\/aktualnosci\/\" class=\"more-link\">Czytaj dalej<span class=\"screen-reader-text\"> \u201eAktualno\u015bci\u201d<\/span><\/a><\/p>\n","protected":false},"author":2,"featured_media":0,"parent":0,"menu_order":0,"comment_status":"closed","ping_status":"closed","template":"","meta":{"footnotes":""},"class_list":["post-128","page","type-page","status-publish","hentry"],"_links":{"self":[{"href":"https:\/\/zdrowiewwyszkowie.pl\/index.php\/wp-json\/wp\/v2\/pages\/128","targetHints":{"allow":["GET"]}}],"collection":[{"href":"https:\/\/zdrowiewwyszkowie.pl\/index.php\/wp-json\/wp\/v2\/pages"}],"about":[{"href":"https:\/\/zdrowiewwyszkowie.pl\/index.php\/wp-json\/wp\/v2\/types\/page"}],"author":[{"embeddable":true,"href":"https:\/\/zdrowiewwyszkowie.pl\/index.php\/wp-json\/wp\/v2\/users\/2"}],"replies":[{"embeddable":true,"href":"https:\/\/zdrowiewwyszkowie.pl\/index.php\/wp-json\/wp\/v2\/comments?post=128"}],"version-history":[{"count":34,"href":"https:\/\/zdrowiewwyszkowie.pl\/index.php\/wp-json\/wp\/v2\/pages\/128\/revisions"}],"predecessor-version":[{"id":403,"href":"https:\/\/zdrowiewwyszkowie.pl\/index.php\/wp-json\/wp\/v2\/pages\/128\/revisions\/403"}],"wp:attachment":[{"href":"https:\/\/zdrowiewwyszkowie.pl\/index.php\/wp-json\/wp\/v2\/media?parent=128"}],"curies":[{"name":"wp","href":"https:\/\/api.w.org\/{rel}","templated":true}]}}