{"id":127,"date":"2019-11-16T17:06:44","date_gmt":"2019-11-16T16:06:44","guid":{"rendered":"http:\/\/guardlogic.home.pl\/autoinstalator\/wordpressplugins1\/?page_id=127"},"modified":"2025-10-04T22:41:08","modified_gmt":"2025-10-04T20:41:08","slug":"o-nas","status":"publish","type":"page","link":"https:\/\/zdrowiewwyszkowie.pl\/index.php\/o-nas\/","title":{"rendered":"O nas"},"content":{"rendered":"\n<div class=\"wp-block-columns is-layout-flex wp-container-core-columns-is-layout-9d6595d7 wp-block-columns-is-layout-flex\">\n<div class=\"wp-block-column is-layout-flow wp-block-column-is-layout-flow\" style=\"flex-basis:66.66%\">\n<p class=\"has-drop-cap\"> Od ponad 20 lat w naszej przychodni opiekujemy si\u0119 pacjentami z Wyszkowa i okolic. Struktura naszej plac\u00f3wki pozostaje od pocz\u0105tku podobna- dzielimy si\u0119 na cz\u0119\u015b\u0107 pediatryczn\u0105, kt\u00f3ra obecnie znajduje si\u0119 na I pi\u0119trze i cz\u0119\u015b\u0107 internistyczn\u0105 (tzw. &#8221; doros\u0142ych&#8221;), kt\u00f3ra mie\u015bci si\u0119 na parterze budynku przy ul. Prostej 15 w Wyszkowie.  <\/p>\n\n\n\n<p><\/p>\n<\/div>\n\n\n\n<div class=\"wp-block-column is-layout-flow wp-block-column-is-layout-flow\" style=\"flex-basis:33.33%\">\n<figure class=\"wp-block-image size-large\"><img loading=\"lazy\" decoding=\"async\" width=\"1024\" height=\"768\" src=\"http:\/\/guardlogic.home.pl\/autoinstalator\/wordpressplugins1\/wp-content\/uploads\/2020\/03\/stethoscope-1584223_1920-1024x768.jpg\" alt=\"\" class=\"wp-image-170\" srcset=\"https:\/\/zdrowiewwyszkowie.pl\/wp-content\/uploads\/2020\/03\/stethoscope-1584223_1920-1024x768.jpg 1024w, https:\/\/zdrowiewwyszkowie.pl\/wp-content\/uploads\/2020\/03\/stethoscope-1584223_1920-300x225.jpg 300w, https:\/\/zdrowiewwyszkowie.pl\/wp-content\/uploads\/2020\/03\/stethoscope-1584223_1920-768x576.jpg 768w, https:\/\/zdrowiewwyszkowie.pl\/wp-content\/uploads\/2020\/03\/stethoscope-1584223_1920-1536x1152.jpg 1536w, https:\/\/zdrowiewwyszkowie.pl\/wp-content\/uploads\/2020\/03\/stethoscope-1584223_1920.jpg 1920w\" sizes=\"auto, (max-width: 767px) 89vw, (max-width: 1000px) 54vw, (max-width: 1071px) 543px, 580px\" \/><\/figure>\n<\/div>\n<\/div>\n\n\n\n<p>Chcemy zwr\u00f3ci\u0107 Pa\u0144stwa uwag\u0119, \u017ce w budynku , w kt\u00f3rym mamy gabinety, znajduje si\u0119 r\u00f3wnie\u017c wiele innych, nie zwi\u0105zanych z nami, plac\u00f3wek medycznych np. rentgen, kardiolog, laryngolog i inni. Prosimy zatem, \u017ceby nie \u0142\u0105czy\u0107 wszystkich podmiot\u00f3w z nami, poniewa\u017c w \u017caden spos\u00f3b nie jeste\u015bmy odpowiedzialni za ich prac\u0119.<\/p>\n\n\n\n<p class=\"has-text-align-right\"><em>Zesp\u00f3\u0142 NZOZ Zdrowie<\/em><\/p>\n\n\n\n<p><\/p>\n","protected":false},"excerpt":{"rendered":"<p>Od ponad 20 lat w naszej przychodni opiekujemy si\u0119 pacjentami z Wyszkowa i okolic. Struktura naszej plac\u00f3wki pozostaje od pocz\u0105tku podobna- dzielimy si\u0119 na cz\u0119\u015b\u0107 pediatryczn\u0105, kt\u00f3ra obecnie znajduje si\u0119 na I pi\u0119trze i cz\u0119\u015b\u0107 internistyczn\u0105 (tzw. &#8221; doros\u0142ych&#8221;), kt\u00f3ra mie\u015bci si\u0119 na parterze budynku przy ul. Prostej 15 w Wyszkowie. Chcemy zwr\u00f3ci\u0107 Pa\u0144stwa uwag\u0119, &hellip; <\/p>\n<p class=\"link-more\"><a href=\"https:\/\/zdrowiewwyszkowie.pl\/index.php\/o-nas\/\" class=\"more-link\">Czytaj dalej<span class=\"screen-reader-text\"> \u201eO nas\u201d<\/span><\/a><\/p>\n","protected":false},"author":2,"featured_media":0,"parent":0,"menu_order":0,"comment_status":"closed","ping_status":"closed","template":"","meta":{"footnotes":""},"class_list":["post-127","page","type-page","status-publish","hentry"],"_links":{"self":[{"href":"https:\/\/zdrowiewwyszkowie.pl\/index.php\/wp-json\/wp\/v2\/pages\/127","targetHints":{"allow":["GET"]}}],"collection":[{"href":"https:\/\/zdrowiewwyszkowie.pl\/index.php\/wp-json\/wp\/v2\/pages"}],"about":[{"href":"https:\/\/zdrowiewwyszkowie.pl\/index.php\/wp-json\/wp\/v2\/types\/page"}],"author":[{"embeddable":true,"href":"https:\/\/zdrowiewwyszkowie.pl\/index.php\/wp-json\/wp\/v2\/users\/2"}],"replies":[{"embeddable":true,"href":"https:\/\/zdrowiewwyszkowie.pl\/index.php\/wp-json\/wp\/v2\/comments?post=127"}],"version-history":[{"count":3,"href":"https:\/\/zdrowiewwyszkowie.pl\/index.php\/wp-json\/wp\/v2\/pages\/127\/revisions"}],"predecessor-version":[{"id":436,"href":"https:\/\/zdrowiewwyszkowie.pl\/index.php\/wp-json\/wp\/v2\/pages\/127\/revisions\/436"}],"wp:attachment":[{"href":"https:\/\/zdrowiewwyszkowie.pl\/index.php\/wp-json\/wp\/v2\/media?parent=127"}],"curies":[{"name":"wp","href":"https:\/\/api.w.org\/{rel}","templated":true}]}}